{"id":1682,"date":"2024-09-17T22:27:05","date_gmt":"2024-09-17T22:27:05","guid":{"rendered":"https:\/\/www.miels.org\/prisme\/?page_id=1682"},"modified":"2025-10-31T13:33:22","modified_gmt":"2025-10-31T17:33:22","slug":"accueil-2-0","status":"publish","type":"page","link":"https:\/\/www.miels.org\/prisme\/","title":{"rendered":"Bienvenue !"},"content":{"rendered":"<p data-pm-slice=\"1 1 []\"><strong>Bienvenue sur notre portail de formation en ligne !<\/strong><\/p>\n<p>Nous avons con\u00e7u cet espace pour soutenir les professionnel\u00b7le\u00b7s et intervenant\u00b7e\u00b7s du r\u00e9seau de la sant\u00e9, des services sociaux et du milieu communautaire dans l\u2019adoption de pratiques inclusives, bienveillantes et non stigmatisantes aupr\u00e8s des personnes vivant avec le VIH et des populations cl\u00e9s en mati\u00e8re d&rsquo;ITSS.<\/p>\n<p>Avec nos formations asynchrones, nous vous proposons des outils concrets et des connaissances essentielles pour mieux comprendre les r\u00e9alit\u00e9s des personnes que vous desservez, adapter vos interventions et contribuer \u00e0 des milieux de soins et d\u2019accompagnement plus s\u00e9curitaires et respectueux pour toutes et tous<\/p>\n<p><strong>Pourquoi suivre nos formations ?<\/strong><\/p>\n<p style=\"text-align: center;\">Pour pr\u00e9venir la stigmatisation et les discriminations dans les services de sant\u00e9, sociaux et communautaires<\/p>\n<p style=\"text-align: center;\">Pour favoriser des pratiques professionnelles respectueuses et s\u00e9curisantes aupr\u00e8s des personnes que vous accompagnez<\/p>\n<p style=\"text-align: center;\">Pour d\u00e9velopper des comp\u00e9tences en intervention inclusive et adapt\u00e9e aux r\u00e9alit\u00e9s des populations cl\u00e9s<\/p>\n<p style=\"text-align: center;\">Pour approfondir vos connaissances sur le VIH et les autres ITSS<\/p>\n<p style=\"text-align: center;\"><a href=\"https:\/\/www.miels.org\/prisme\/formation\/vih-101\/\"><img loading=\"lazy\" decoding=\"async\" src=\"https:\/\/www.miels.org\/prisme\/wp-content\/uploads\/2025\/05\/illustration5_VIH-300x214.png\" alt=\"\" width=\"300\" height=\"214\" \/><\/a><\/p>\n<h1 style=\"text-align: center;\"><a href=\"https:\/\/www.miels.org\/prisme\/formation\/vih-101\/\">VIH-101<\/a><\/h1>\n<p style=\"text-align: center;\">Pour d\u00e9velopper des comp\u00e9tences en intervention inclusive et adapt\u00e9e aux r\u00e9alit\u00e9s des populations cl\u00e9s<\/p>\n<p style=\"text-align: center;\">Pour favoriser des pratiques professionnelles respectueuses et s\u00e9curitaires aupr\u00e8s de vos suivis<\/p>\n<p>Lorem ipsum dolor sit amet, consectetur adipiscing elit. Ut elit tellus, luctus nec ullamcorper mattis, pulvinar dapibus leo.<\/p>\n","protected":false},"excerpt":{"rendered":"<p>Bienvenue sur notre portail de formation en ligne ! Nous avons con\u00e7u cet espace pour soutenir les professionnel\u00b7le\u00b7s et intervenant\u00b7e\u00b7s du r\u00e9seau de la sant\u00e9, des services sociaux et du milieu communautaire dans l\u2019adoption de pratiques inclusives, bienveillantes et non stigmatisantes aupr\u00e8s des personnes vivant avec le VIH et des populations cl\u00e9s en mati\u00e8re d&rsquo;ITSS. [&hellip;]<\/p>\n","protected":false},"author":7,"featured_media":0,"parent":0,"menu_order":0,"comment_status":"closed","ping_status":"closed","template":"","meta":{"_uag_custom_page_level_css":"","footnotes":""},"blocksy_meta":[],"uagb_featured_image_src":{"full":false,"thumbnail":false,"medium":false,"medium_large":false,"large":false,"1536x1536":false,"2048x2048":false},"uagb_author_info":{"display_name":"MIELS-Qu\u00e9bec","author_link":"https:\/\/www.miels.org\/prisme\/author\/gestionprisme\/"},"uagb_comment_info":0,"uagb_excerpt":"Bienvenue sur notre portail de formation en ligne ! Nous avons con\u00e7u cet espace pour soutenir les professionnel\u00b7le\u00b7s et intervenant\u00b7e\u00b7s du r\u00e9seau de la sant\u00e9, des services sociaux et du milieu communautaire dans l\u2019adoption de pratiques inclusives, bienveillantes et non stigmatisantes aupr\u00e8s des personnes vivant avec le VIH et des populations cl\u00e9s en mati\u00e8re d&rsquo;ITSS.\u2026","_links":{"self":[{"href":"https:\/\/www.miels.org\/prisme\/wp-json\/wp\/v2\/pages\/1682"}],"collection":[{"href":"https:\/\/www.miels.org\/prisme\/wp-json\/wp\/v2\/pages"}],"about":[{"href":"https:\/\/www.miels.org\/prisme\/wp-json\/wp\/v2\/types\/page"}],"author":[{"embeddable":true,"href":"https:\/\/www.miels.org\/prisme\/wp-json\/wp\/v2\/users\/7"}],"replies":[{"embeddable":true,"href":"https:\/\/www.miels.org\/prisme\/wp-json\/wp\/v2\/comments?post=1682"}],"version-history":[{"count":62,"href":"https:\/\/www.miels.org\/prisme\/wp-json\/wp\/v2\/pages\/1682\/revisions"}],"predecessor-version":[{"id":2136,"href":"https:\/\/www.miels.org\/prisme\/wp-json\/wp\/v2\/pages\/1682\/revisions\/2136"}],"wp:attachment":[{"href":"https:\/\/www.miels.org\/prisme\/wp-json\/wp\/v2\/media?parent=1682"}],"curies":[{"name":"wp","href":"https:\/\/api.w.org\/{rel}","templated":true}]}}